{"id":10626,"date":"2025-10-09T10:51:18","date_gmt":"2025-10-09T08:51:18","guid":{"rendered":"https:\/\/www.victoriadelosangeles.org\/producto\/victoria-de-los-angeles-tot-semblava-tan-senzill\/"},"modified":"2026-04-28T17:31:16","modified_gmt":"2026-04-28T15:31:16","slug":"victoria-de-los-angeles-tot-semblava-tan-senzill","status":"publish","type":"product","link":"https:\/\/www.victoriadelosangeles.org\/ca\/producte\/victoria-de-los-angeles-tot-semblava-tan-senzill\/","title":{"rendered":"Victoria De Los \u00c1ngeles Tot Semblava Tan Senzill"},"content":{"rendered":"\t\t<div data-elementor-type=\"product-post\" data-elementor-id=\"10626\" class=\"elementor elementor-10626 elementor-7623\" data-elementor-post-type=\"product\">\n\t\t\t\t<div class=\"elementor-element elementor-element-35fbde58 e-flex e-con-boxed e-con e-parent\" data-id=\"35fbde58\" data-element_type=\"container\" data-e-type=\"container\">\n\t\t\t\t\t<div class=\"e-con-inner\">\n\t\t\t\t<div class=\"elementor-element elementor-element-27560ddc elementor-widget elementor-widget-text-editor\" data-id=\"27560ddc\" data-element_type=\"widget\" data-e-type=\"widget\" data-widget_type=\"text-editor.default\">\n\t\t\t\t\t\t\t\t\t<p>La soprano Victoria de los \u00c1ngeles (1923-2005) va regnar als teatres de tot el m\u00f3n i aquesta \u00e9s la primera biografia que s&#8217;ha pogut elaborar a partir de l&#8217;estudi dels seus documents personals i professionals. El treball minuci\u00f3s de Pep Gorgori ens permet ara descobrir una dona, Victoria de los \u00c1ngeles L\u00f3pez Garc\u00eda &#8220;o Tori, com solia signar les cartes a la seva fam\u00edlia&#8221;, que ens sorpr\u00e8n i ens fascina tant o m\u00e9s que l&#8217;artista que creiem con\u00e8ixer. Aquest llibre combina el rigor en l&#8217;an\u00e0lisi de les fonts amb una clara voluntat de captivar els lectors, tant si s\u00f3n mel\u00f2mans com si simplement volen con\u00e8ixer una personalitat art\u00edstica \u00fanica del segle xx. Explicar la seva vida, amb tota la seva complexitat, \u00e9s fer un homenatge a una generaci\u00f3 de dones que, despr\u00e9s de la guerra, van suportar la pen\u00faria, la discriminaci\u00f3 de g\u00e8nere i, molt sovint, els seus propis marits. En les seves ombres, aquesta \u00e9s la hist\u00f2ria de totes elles. En les seves llums, \u00e9s la hist\u00f2ria de la m\u00e9s humana de les dives. \u00c9s, a m\u00e9s, el relat d&#8217;un segle complex, alhora trist i vibrant, dram\u00e0tic i bell.     <\/p><div class=\"campo f-size-0 f-w-4 my-2 d-grid svelte-1yhk452\" data-campo=\"Peso\"><strong>Editorial:<\/strong> Ficta Edicions i Produccions Sl<br><strong>ISBN:<\/strong> 9788412853360<br><strong>Idioma:<\/strong> Castell\u00e0<br><strong>Nombre de p\u00e0gines:<\/strong> 268<br><strong>Enquadernaci\u00f3:<\/strong> Tapa tova<br><strong>Any d&#8217;edici\u00f3:<\/strong> 2025<\/div>\t\t\t\t\t\t\t\t<\/div>\n\t\t\t\t\t<\/div>\n\t\t\t\t<\/div>\n\t\t\t\t<\/div>\n\t\t","protected":false},"excerpt":{"rendered":"<div id=\"a-p-f\" class=\"f-serif s-7-text autores balance-title underline-space svelte-dxpbx6\">\n<p>PEP GORGORI<\/p>\n<\/div>\n<p class=\"isbn f-serif mb-2 svelte-dxpbx6\">FICTA EDICIONS I PRODUCCIONS SL &#8211; 9788412853360<\/p>\n","protected":false},"featured_media":7624,"template":"","meta":{"_acf_changed":false,"_monsterinsights_skip_tracking":false,"_monsterinsights_sitenote_active":false,"_monsterinsights_sitenote_note":"","_monsterinsights_sitenote_category":0,"site-sidebar-layout":"default","site-content-layout":"","ast-site-content-layout":"default","site-content-style":"default","site-sidebar-style":"default","ast-global-header-display":"","ast-banner-title-visibility":"","ast-main-header-display":"","ast-hfb-above-header-display":"","ast-hfb-below-header-display":"","ast-hfb-mobile-header-display":"","site-post-title":"","ast-breadcrumbs-content":"","ast-featured-img":"","footer-sml-layout":"","ast-disable-related-posts":"","theme-transparent-header-meta":"default","adv-header-id-meta":"","stick-header-meta":"","header-above-stick-meta":"","header-main-stick-meta":"","header-below-stick-meta":"","astra-migrate-meta-layouts":"default","ast-page-background-enabled":"default","ast-page-background-meta":{"desktop":{"background-color":"var(--ast-global-color-5)","background-image":"","background-repeat":"repeat","background-position":"center center","background-size":"auto","background-attachment":"scroll","background-type":"","background-media":"","overlay-type":"","overlay-color":"","overlay-opacity":"","overlay-gradient":""},"tablet":{"background-color":"","background-image":"","background-repeat":"repeat","background-position":"center center","background-size":"auto","background-attachment":"scroll","background-type":"","background-media":"","overlay-type":"","overlay-color":"","overlay-opacity":"","overlay-gradient":""},"mobile":{"background-color":"","background-image":"","background-repeat":"repeat","background-position":"center center","background-size":"auto","background-attachment":"scroll","background-type":"","background-media":"","overlay-type":"","overlay-color":"","overlay-opacity":"","overlay-gradient":""}},"ast-content-background-meta":{"desktop":{"background-color":"var(--ast-global-color-4)","background-image":"","background-repeat":"repeat","background-position":"center center","background-size":"auto","background-attachment":"scroll","background-type":"","background-media":"","overlay-type":"","overlay-color":"","overlay-opacity":"","overlay-gradient":""},"tablet":{"background-color":"var(--ast-global-color-4)","background-image":"","background-repeat":"repeat","background-position":"center center","background-size":"auto","background-attachment":"scroll","background-type":"","background-media":"","overlay-type":"","overlay-color":"","overlay-opacity":"","overlay-gradient":""},"mobile":{"background-color":"var(--ast-global-color-4)","background-image":"","background-repeat":"repeat","background-position":"center center","background-size":"auto","background-attachment":"scroll","background-type":"","background-media":"","overlay-type":"","overlay-color":"","overlay-opacity":"","overlay-gradient":""}}},"product_brand":[],"product_cat":[59],"product_tag":[],"class_list":{"0":"post-10626","1":"product","2":"type-product","3":"status-publish","4":"has-post-thumbnail","6":"product_cat-llibres","7":"desktop-align-left","8":"tablet-align-left","9":"mobile-align-left","11":"first","12":"instock","13":"purchasable","14":"product-type-simple"},"acf":[],"yoast_head":"<!-- This site is optimized with the Yoast SEO plugin v27.5 - https:\/\/yoast.com\/product\/yoast-seo-wordpress\/ -->\n<title>Victoria De Los \u00c1ngeles Tot Semblava Tan Senzill - Fundaci\u00f3n Victoria de los \u00c1ngeles<\/title>\n<meta name=\"robots\" content=\"index, follow, max-snippet:-1, max-image-preview:large, max-video-preview:-1\" \/>\n<link rel=\"canonical\" href=\"https:\/\/www.victoriadelosangeles.org\/ca\/producte\/victoria-de-los-angeles-tot-semblava-tan-senzill\/\" \/>\n<meta property=\"og:locale\" content=\"ca_ES\" \/>\n<meta property=\"og:type\" content=\"article\" \/>\n<meta property=\"og:title\" content=\"Victoria De Los \u00c1ngeles Tot Semblava Tan Senzill - Fundaci\u00f3n Victoria de los \u00c1ngeles\" \/>\n<meta property=\"og:description\" content=\"PEP GORGORI  FICTA EDICIONS I PRODUCCIONS SL - 9788412853360\" \/>\n<meta property=\"og:url\" content=\"https:\/\/www.victoriadelosangeles.org\/ca\/producte\/victoria-de-los-angeles-tot-semblava-tan-senzill\/\" \/>\n<meta property=\"og:site_name\" content=\"Fundaci\u00f3n Victoria de los \u00c1ngeles\" \/>\n<meta property=\"article:modified_time\" content=\"2026-04-28T15:31:16+00:00\" \/>\n<meta property=\"og:image\" content=\"https:\/\/www.victoriadelosangeles.org\/wp-content\/uploads\/2025\/10\/Portada-ESP.jpeg\" \/>\n\t<meta property=\"og:image:width\" content=\"1026\" \/>\n\t<meta property=\"og:image:height\" content=\"1600\" \/>\n\t<meta property=\"og:image:type\" content=\"image\/jpeg\" \/>\n<meta name=\"twitter:card\" content=\"summary_large_image\" \/>\n<meta name=\"twitter:label1\" content=\"Temps estimat de lectura\" \/>\n\t<meta name=\"twitter:data1\" content=\"1 minut\" \/>\n<script type=\"application\/ld+json\" class=\"yoast-schema-graph\">{\"@context\":\"https:\\\/\\\/schema.org\",\"@graph\":[{\"@type\":\"WebPage\",\"@id\":\"https:\\\/\\\/www.victoriadelosangeles.org\\\/ca\\\/producte\\\/victoria-de-los-angeles-tot-semblava-tan-senzill\\\/\",\"url\":\"https:\\\/\\\/www.victoriadelosangeles.org\\\/ca\\\/producte\\\/victoria-de-los-angeles-tot-semblava-tan-senzill\\\/\",\"name\":\"Victoria De Los \u00c1ngeles Tot Semblava Tan Senzill - Fundaci\u00f3n Victoria de los \u00c1ngeles\",\"isPartOf\":{\"@id\":\"https:\\\/\\\/www.victoriadelosangeles.org\\\/ca\\\/#website\"},\"primaryImageOfPage\":{\"@id\":\"https:\\\/\\\/www.victoriadelosangeles.org\\\/ca\\\/producte\\\/victoria-de-los-angeles-tot-semblava-tan-senzill\\\/#primaryimage\"},\"image\":{\"@id\":\"https:\\\/\\\/www.victoriadelosangeles.org\\\/ca\\\/producte\\\/victoria-de-los-angeles-tot-semblava-tan-senzill\\\/#primaryimage\"},\"thumbnailUrl\":\"https:\\\/\\\/www.victoriadelosangeles.org\\\/wp-content\\\/uploads\\\/2025\\\/10\\\/Portada-ESP.jpeg\",\"datePublished\":\"2025-10-09T08:51:18+00:00\",\"dateModified\":\"2026-04-28T15:31:16+00:00\",\"breadcrumb\":{\"@id\":\"https:\\\/\\\/www.victoriadelosangeles.org\\\/ca\\\/producte\\\/victoria-de-los-angeles-tot-semblava-tan-senzill\\\/#breadcrumb\"},\"inLanguage\":\"ca\",\"potentialAction\":[{\"@type\":\"ReadAction\",\"target\":[\"https:\\\/\\\/www.victoriadelosangeles.org\\\/ca\\\/producte\\\/victoria-de-los-angeles-tot-semblava-tan-senzill\\\/\"]}]},{\"@type\":\"ImageObject\",\"inLanguage\":\"ca\",\"@id\":\"https:\\\/\\\/www.victoriadelosangeles.org\\\/ca\\\/producte\\\/victoria-de-los-angeles-tot-semblava-tan-senzill\\\/#primaryimage\",\"url\":\"https:\\\/\\\/www.victoriadelosangeles.org\\\/wp-content\\\/uploads\\\/2025\\\/10\\\/Portada-ESP.jpeg\",\"contentUrl\":\"https:\\\/\\\/www.victoriadelosangeles.org\\\/wp-content\\\/uploads\\\/2025\\\/10\\\/Portada-ESP.jpeg\",\"width\":1026,\"height\":1600},{\"@type\":\"BreadcrumbList\",\"@id\":\"https:\\\/\\\/www.victoriadelosangeles.org\\\/ca\\\/producte\\\/victoria-de-los-angeles-tot-semblava-tan-senzill\\\/#breadcrumb\",\"itemListElement\":[{\"@type\":\"ListItem\",\"position\":1,\"name\":\"Portada\",\"item\":\"https:\\\/\\\/www.victoriadelosangeles.org\\\/ca\\\/\"},{\"@type\":\"ListItem\",\"position\":2,\"name\":\"Botiga\",\"item\":\"https:\\\/\\\/www.victoriadelosangeles.org\\\/ca\\\/botiga\\\/\"},{\"@type\":\"ListItem\",\"position\":3,\"name\":\"Victoria De Los \u00c1ngeles Tot Semblava Tan Senzill\"}]},{\"@type\":\"WebSite\",\"@id\":\"https:\\\/\\\/www.victoriadelosangeles.org\\\/ca\\\/#website\",\"url\":\"https:\\\/\\\/www.victoriadelosangeles.org\\\/ca\\\/\",\"name\":\"Fundaci\u00f3n Victoria de los \u00c1ngeles\",\"description\":\"conservar y difundir el legado de la artista, para que el testimonio vital y art\u00edstico de la persona y la cantante siga vivo.\",\"publisher\":{\"@id\":\"https:\\\/\\\/www.victoriadelosangeles.org\\\/ca\\\/#organization\"},\"potentialAction\":[{\"@type\":\"SearchAction\",\"target\":{\"@type\":\"EntryPoint\",\"urlTemplate\":\"https:\\\/\\\/www.victoriadelosangeles.org\\\/ca\\\/?s={search_term_string}\"},\"query-input\":{\"@type\":\"PropertyValueSpecification\",\"valueRequired\":true,\"valueName\":\"search_term_string\"}}],\"inLanguage\":\"ca\"},{\"@type\":\"Organization\",\"@id\":\"https:\\\/\\\/www.victoriadelosangeles.org\\\/ca\\\/#organization\",\"name\":\"Fundaci\u00f3n Victoria de los \u00c1ngeles\",\"url\":\"https:\\\/\\\/www.victoriadelosangeles.org\\\/ca\\\/\",\"logo\":{\"@type\":\"ImageObject\",\"inLanguage\":\"ca\",\"@id\":\"https:\\\/\\\/www.victoriadelosangeles.org\\\/ca\\\/#\\\/schema\\\/logo\\\/image\\\/\",\"url\":\"https:\\\/\\\/www.victoriadelosangeles.org\\\/wp-content\\\/uploads\\\/2025\\\/07\\\/default.png\",\"contentUrl\":\"https:\\\/\\\/www.victoriadelosangeles.org\\\/wp-content\\\/uploads\\\/2025\\\/07\\\/default.png\",\"width\":1409,\"height\":528,\"caption\":\"Fundaci\u00f3n Victoria de los \u00c1ngeles\"},\"image\":{\"@id\":\"https:\\\/\\\/www.victoriadelosangeles.org\\\/ca\\\/#\\\/schema\\\/logo\\\/image\\\/\"}}]}<\/script>\n<!-- \/ Yoast SEO plugin. -->","yoast_head_json":{"title":"Victoria De Los \u00c1ngeles Tot Semblava Tan Senzill - Fundaci\u00f3n Victoria de los \u00c1ngeles","robots":{"index":"index","follow":"follow","max-snippet":"max-snippet:-1","max-image-preview":"max-image-preview:large","max-video-preview":"max-video-preview:-1"},"canonical":"https:\/\/www.victoriadelosangeles.org\/ca\/producte\/victoria-de-los-angeles-tot-semblava-tan-senzill\/","og_locale":"ca_ES","og_type":"article","og_title":"Victoria De Los \u00c1ngeles Tot Semblava Tan Senzill - Fundaci\u00f3n Victoria de los \u00c1ngeles","og_description":"PEP GORGORI  FICTA EDICIONS I PRODUCCIONS SL - 9788412853360","og_url":"https:\/\/www.victoriadelosangeles.org\/ca\/producte\/victoria-de-los-angeles-tot-semblava-tan-senzill\/","og_site_name":"Fundaci\u00f3n Victoria de los \u00c1ngeles","article_modified_time":"2026-04-28T15:31:16+00:00","og_image":[{"width":1026,"height":1600,"url":"https:\/\/www.victoriadelosangeles.org\/wp-content\/uploads\/2025\/10\/Portada-ESP.jpeg","type":"image\/jpeg"}],"twitter_card":"summary_large_image","twitter_misc":{"Temps estimat de lectura":"1 minut"},"schema":{"@context":"https:\/\/schema.org","@graph":[{"@type":"WebPage","@id":"https:\/\/www.victoriadelosangeles.org\/ca\/producte\/victoria-de-los-angeles-tot-semblava-tan-senzill\/","url":"https:\/\/www.victoriadelosangeles.org\/ca\/producte\/victoria-de-los-angeles-tot-semblava-tan-senzill\/","name":"Victoria De Los \u00c1ngeles Tot Semblava Tan Senzill - Fundaci\u00f3n Victoria de los \u00c1ngeles","isPartOf":{"@id":"https:\/\/www.victoriadelosangeles.org\/ca\/#website"},"primaryImageOfPage":{"@id":"https:\/\/www.victoriadelosangeles.org\/ca\/producte\/victoria-de-los-angeles-tot-semblava-tan-senzill\/#primaryimage"},"image":{"@id":"https:\/\/www.victoriadelosangeles.org\/ca\/producte\/victoria-de-los-angeles-tot-semblava-tan-senzill\/#primaryimage"},"thumbnailUrl":"https:\/\/www.victoriadelosangeles.org\/wp-content\/uploads\/2025\/10\/Portada-ESP.jpeg","datePublished":"2025-10-09T08:51:18+00:00","dateModified":"2026-04-28T15:31:16+00:00","breadcrumb":{"@id":"https:\/\/www.victoriadelosangeles.org\/ca\/producte\/victoria-de-los-angeles-tot-semblava-tan-senzill\/#breadcrumb"},"inLanguage":"ca","potentialAction":[{"@type":"ReadAction","target":["https:\/\/www.victoriadelosangeles.org\/ca\/producte\/victoria-de-los-angeles-tot-semblava-tan-senzill\/"]}]},{"@type":"ImageObject","inLanguage":"ca","@id":"https:\/\/www.victoriadelosangeles.org\/ca\/producte\/victoria-de-los-angeles-tot-semblava-tan-senzill\/#primaryimage","url":"https:\/\/www.victoriadelosangeles.org\/wp-content\/uploads\/2025\/10\/Portada-ESP.jpeg","contentUrl":"https:\/\/www.victoriadelosangeles.org\/wp-content\/uploads\/2025\/10\/Portada-ESP.jpeg","width":1026,"height":1600},{"@type":"BreadcrumbList","@id":"https:\/\/www.victoriadelosangeles.org\/ca\/producte\/victoria-de-los-angeles-tot-semblava-tan-senzill\/#breadcrumb","itemListElement":[{"@type":"ListItem","position":1,"name":"Portada","item":"https:\/\/www.victoriadelosangeles.org\/ca\/"},{"@type":"ListItem","position":2,"name":"Botiga","item":"https:\/\/www.victoriadelosangeles.org\/ca\/botiga\/"},{"@type":"ListItem","position":3,"name":"Victoria De Los \u00c1ngeles Tot Semblava Tan Senzill"}]},{"@type":"WebSite","@id":"https:\/\/www.victoriadelosangeles.org\/ca\/#website","url":"https:\/\/www.victoriadelosangeles.org\/ca\/","name":"Fundaci\u00f3n Victoria de los \u00c1ngeles","description":"conservar y difundir el legado de la artista, para que el testimonio vital y art\u00edstico de la persona y la cantante siga vivo.","publisher":{"@id":"https:\/\/www.victoriadelosangeles.org\/ca\/#organization"},"potentialAction":[{"@type":"SearchAction","target":{"@type":"EntryPoint","urlTemplate":"https:\/\/www.victoriadelosangeles.org\/ca\/?s={search_term_string}"},"query-input":{"@type":"PropertyValueSpecification","valueRequired":true,"valueName":"search_term_string"}}],"inLanguage":"ca"},{"@type":"Organization","@id":"https:\/\/www.victoriadelosangeles.org\/ca\/#organization","name":"Fundaci\u00f3n Victoria de los \u00c1ngeles","url":"https:\/\/www.victoriadelosangeles.org\/ca\/","logo":{"@type":"ImageObject","inLanguage":"ca","@id":"https:\/\/www.victoriadelosangeles.org\/ca\/#\/schema\/logo\/image\/","url":"https:\/\/www.victoriadelosangeles.org\/wp-content\/uploads\/2025\/07\/default.png","contentUrl":"https:\/\/www.victoriadelosangeles.org\/wp-content\/uploads\/2025\/07\/default.png","width":1409,"height":528,"caption":"Fundaci\u00f3n Victoria de los \u00c1ngeles"},"image":{"@id":"https:\/\/www.victoriadelosangeles.org\/ca\/#\/schema\/logo\/image\/"}}]}},"_links":{"self":[{"href":"https:\/\/www.victoriadelosangeles.org\/ca\/wp-json\/wp\/v2\/product\/10626","targetHints":{"allow":["GET"]}}],"collection":[{"href":"https:\/\/www.victoriadelosangeles.org\/ca\/wp-json\/wp\/v2\/product"}],"about":[{"href":"https:\/\/www.victoriadelosangeles.org\/ca\/wp-json\/wp\/v2\/types\/product"}],"version-history":[{"count":1,"href":"https:\/\/www.victoriadelosangeles.org\/ca\/wp-json\/wp\/v2\/product\/10626\/revisions"}],"predecessor-version":[{"id":10628,"href":"https:\/\/www.victoriadelosangeles.org\/ca\/wp-json\/wp\/v2\/product\/10626\/revisions\/10628"}],"wp:featuredmedia":[{"embeddable":true,"href":"https:\/\/www.victoriadelosangeles.org\/ca\/wp-json\/wp\/v2\/media\/7624"}],"wp:attachment":[{"href":"https:\/\/www.victoriadelosangeles.org\/ca\/wp-json\/wp\/v2\/media?parent=10626"}],"wp:term":[{"taxonomy":"product_brand","embeddable":true,"href":"https:\/\/www.victoriadelosangeles.org\/ca\/wp-json\/wp\/v2\/product_brand?post=10626"},{"taxonomy":"product_cat","embeddable":true,"href":"https:\/\/www.victoriadelosangeles.org\/ca\/wp-json\/wp\/v2\/product_cat?post=10626"},{"taxonomy":"product_tag","embeddable":true,"href":"https:\/\/www.victoriadelosangeles.org\/ca\/wp-json\/wp\/v2\/product_tag?post=10626"}],"curies":[{"name":"wp","href":"https:\/\/api.w.org\/{rel}","templated":true}]}}