{"id":10457,"date":"2025-10-07T18:15:05","date_gmt":"2025-10-07T16:15:05","guid":{"rendered":"https:\/\/www.victoriadelosangeles.org\/transparency\/"},"modified":"2026-04-28T17:34:08","modified_gmt":"2026-04-28T15:34:08","slug":"transparency","status":"publish","type":"page","link":"https:\/\/www.victoriadelosangeles.org\/en\/foundation\/transparency\/","title":{"rendered":"Transparency"},"content":{"rendered":"\t\t<div data-elementor-type=\"wp-page\" data-elementor-id=\"10457\" class=\"elementor elementor-10457 elementor-7273\" data-elementor-post-type=\"page\">\n\t\t\t\t<div class=\"elementor-element elementor-element-898300f e-con-full e-flex e-con e-parent\" data-id=\"898300f\" data-element_type=\"container\" data-e-type=\"container\" data-settings=\"{&quot;background_background&quot;:&quot;classic&quot;}\">\n\t\t<div class=\"elementor-element elementor-element-a308061 e-con-full slide_bio e-flex e-con e-child\" data-id=\"a308061\" data-element_type=\"container\" data-e-type=\"container\" data-settings=\"{&quot;background_background&quot;:&quot;slideshow&quot;,&quot;background_motion_fx_translateY_effect&quot;:&quot;yes&quot;,&quot;background_slideshow_ken_burns&quot;:&quot;yes&quot;,&quot;background_slideshow_gallery&quot;:[{&quot;id&quot;:10104,&quot;url&quot;:&quot;https:\\\/\\\/www.victoriadelosangeles.org\\\/wp-content\\\/uploads\\\/2026\\\/03\\\/PROGRAMAS.heic&quot;}],&quot;background_slideshow_loop&quot;:&quot;yes&quot;,&quot;background_slideshow_slide_duration&quot;:5000,&quot;background_slideshow_slide_transition&quot;:&quot;fade&quot;,&quot;background_slideshow_transition_duration&quot;:500,&quot;background_slideshow_ken_burns_zoom_direction&quot;:&quot;in&quot;,&quot;background_motion_fx_translateY_speed&quot;:{&quot;unit&quot;:&quot;px&quot;,&quot;size&quot;:4,&quot;sizes&quot;:[]},&quot;background_motion_fx_translateY_affectedRange&quot;:{&quot;unit&quot;:&quot;%&quot;,&quot;size&quot;:&quot;&quot;,&quot;sizes&quot;:{&quot;start&quot;:0,&quot;end&quot;:100}},&quot;background_motion_fx_devices&quot;:[&quot;desktop&quot;,&quot;tablet&quot;,&quot;mobile&quot;]}\">\n\t\t<div class=\"elementor-element elementor-element-4d8c1eb e-flex e-con-boxed e-con e-child\" data-id=\"4d8c1eb\" data-element_type=\"container\" data-e-type=\"container\">\n\t\t\t\t\t<div class=\"e-con-inner\">\n\t\t\t\t<div class=\"elementor-element elementor-element-188adaf elementor-widget__width-initial elementor-invisible elementor-widget elementor-widget-heading\" data-id=\"188adaf\" data-element_type=\"widget\" data-e-type=\"widget\" data-settings=\"{&quot;_animation&quot;:&quot;fadeInDown&quot;}\" data-widget_type=\"heading.default\">\n\t\t\t\t\t<h1 class=\"elementor-heading-title elementor-size-default\">Transparency<\/h1>\t\t\t\t<\/div>\n\t\t\t\t<div class=\"elementor-element elementor-element-cf6cde4 elementor-widget__width-initial elementor-hidden-desktop elementor-hidden-tablet elementor-hidden-mobile elementor-invisible elementor-widget elementor-widget-text-editor\" data-id=\"cf6cde4\" data-element_type=\"widget\" data-e-type=\"widget\" data-settings=\"{&quot;_animation&quot;:&quot;fadeInUp&quot;}\" data-widget_type=\"text-editor.default\">\n\t\t\t\t\t\t\t\t\tThe Victoria de los \u00c1ngeles Foundation provides the public with relevant institutional and financial information, in compliance with its commitment to transparency and current regulations. \t\t\t\t\t\t\t\t<\/div>\n\t\t\t\t\t<\/div>\n\t\t\t\t<\/div>\n\t\t\t\t<\/div>\n\t\t\t\t<\/div>\n\t\t<div class=\"elementor-element elementor-element-3508fc0 e-flex e-con-boxed e-con e-parent\" data-id=\"3508fc0\" data-element_type=\"container\" data-e-type=\"container\" data-settings=\"{&quot;background_background&quot;:&quot;classic&quot;}\">\n\t\t\t\t\t<div class=\"e-con-inner\">\n\t\t<div class=\"elementor-element elementor-element-829c3c1 e-con-full e-flex e-con e-child\" data-id=\"829c3c1\" data-element_type=\"container\" data-e-type=\"container\">\n\t\t\t\t<div class=\"elementor-element elementor-element-e5e3f25 elementor-widget__width-initial elementor-invisible elementor-widget elementor-widget-heading\" data-id=\"e5e3f25\" data-element_type=\"widget\" data-e-type=\"widget\" data-settings=\"{&quot;_animation&quot;:&quot;fadeInUp&quot;}\" data-widget_type=\"heading.default\">\n\t\t\t\t\t<h1 class=\"elementor-heading-title elementor-size-default\">Reference documents<\/h1>\t\t\t\t<\/div>\n\t\t<div class=\"elementor-element elementor-element-3a98937 e-grid e-con-full e-con e-child\" data-id=\"3a98937\" data-element_type=\"container\" data-e-type=\"container\">\n\t\t\t\t<div class=\"elementor-element elementor-element-dfdd20e elementor-align-justify elementor-hidden-phone e-transform elementor-widget elementor-widget-button\" data-id=\"dfdd20e\" data-element_type=\"widget\" data-e-type=\"widget\" data-settings=\"{&quot;_transform_translateX_effect_hover&quot;:{&quot;unit&quot;:&quot;px&quot;,&quot;size&quot;:5,&quot;sizes&quot;:[]},&quot;_transform_translateX_effect_hover_tablet&quot;:{&quot;unit&quot;:&quot;px&quot;,&quot;size&quot;:&quot;&quot;,&quot;sizes&quot;:[]},&quot;_transform_translateX_effect_hover_mobile&quot;:{&quot;unit&quot;:&quot;px&quot;,&quot;size&quot;:&quot;&quot;,&quot;sizes&quot;:[]},&quot;_transform_translateY_effect_hover&quot;:{&quot;unit&quot;:&quot;px&quot;,&quot;size&quot;:&quot;&quot;,&quot;sizes&quot;:[]},&quot;_transform_translateY_effect_hover_tablet&quot;:{&quot;unit&quot;:&quot;px&quot;,&quot;size&quot;:&quot;&quot;,&quot;sizes&quot;:[]},&quot;_transform_translateY_effect_hover_mobile&quot;:{&quot;unit&quot;:&quot;px&quot;,&quot;size&quot;:&quot;&quot;,&quot;sizes&quot;:[]}}\" data-widget_type=\"button.default\">\n\t\t\t\t\t\t\t\t\t\t<a class=\"elementor-button elementor-button-link elementor-size-md\" href=\"\/wp-content\/uploads\/2025\/10\/Comptes-anuals-CCAA-2024-_-FVA.pdf\" target=\"_blank\">\n\t\t\t\t\t\t<span class=\"elementor-button-content-wrapper\">\n\t\t\t\t\t\t<span class=\"elementor-button-icon\">\n\t\t\t\t<svg xmlns=\"http:\/\/www.w3.org\/2000\/svg\" height=\"24px\" viewBox=\"0 -960 960 960\" width=\"24px\" fill=\"#fff\"><path d=\"M346.15-464.62h30.77v-80h49.23q13.16 0 21.97-8.8 8.8-8.81 8.8-21.96v-49.24q0-13.15-8.8-21.96-8.81-8.8-21.97-8.8h-80v190.76Zm30.77-110.76v-49.24h49.23v49.24h-49.23Zm121.54 110.76h76.92q13.16 0 21.97-8.8 8.8-8.81 8.8-21.96v-129.24q0-13.15-8.8-21.96-8.81-8.8-21.97-8.8h-76.92v190.76Zm30.77-30.76v-129.24h46.15v129.24h-46.15Zm126.15 30.76h30.77v-80h55.39v-30.76h-55.39v-49.24h55.39v-30.76h-86.16v190.76ZM324.62-280q-27.62 0-46.12-18.5Q260-317 260-344.62v-430.76q0-27.62 18.5-46.12Q297-840 324.62-840h430.76q27.62 0 46.12 18.5Q820-803 820-775.38v430.76q0 27.62-18.5 46.12Q783-280 755.38-280H324.62Zm0-40h430.76q9.24 0 16.93-7.69 7.69-7.69 7.69-16.93v-430.76q0-9.24-7.69-16.93-7.69-7.69-16.93-7.69H324.62q-9.24 0-16.93 7.69-7.69 7.69-7.69 16.93v430.76q0 9.24 7.69 16.93 7.69 7.69 16.93 7.69Zm-120 160q-27.62 0-46.12-18.5Q140-197 140-224.61v-470.77h40v470.77q0 9.23 7.69 16.92 7.69 7.69 16.93 7.69h470.76v40H204.62ZM300-800v480-480Z\"><\/path><\/svg>\t\t\t<\/span>\n\t\t\t\t\t\t\t\t\t<span class=\"elementor-button-text\"> 2024 Annual Accounts - FVA<\/span>\n\t\t\t\t\t<\/span>\n\t\t\t\t\t<\/a>\n\t\t\t\t\t\t\t\t<\/div>\n\t\t\t\t<div class=\"elementor-element elementor-element-391003e elementor-align-justify elementor-hidden-phone e-transform elementor-widget elementor-widget-button\" data-id=\"391003e\" data-element_type=\"widget\" data-e-type=\"widget\" data-settings=\"{&quot;_transform_translateX_effect_hover&quot;:{&quot;unit&quot;:&quot;px&quot;,&quot;size&quot;:5,&quot;sizes&quot;:[]},&quot;_transform_translateX_effect_hover_tablet&quot;:{&quot;unit&quot;:&quot;px&quot;,&quot;size&quot;:&quot;&quot;,&quot;sizes&quot;:[]},&quot;_transform_translateX_effect_hover_mobile&quot;:{&quot;unit&quot;:&quot;px&quot;,&quot;size&quot;:&quot;&quot;,&quot;sizes&quot;:[]},&quot;_transform_translateY_effect_hover&quot;:{&quot;unit&quot;:&quot;px&quot;,&quot;size&quot;:&quot;&quot;,&quot;sizes&quot;:[]},&quot;_transform_translateY_effect_hover_tablet&quot;:{&quot;unit&quot;:&quot;px&quot;,&quot;size&quot;:&quot;&quot;,&quot;sizes&quot;:[]},&quot;_transform_translateY_effect_hover_mobile&quot;:{&quot;unit&quot;:&quot;px&quot;,&quot;size&quot;:&quot;&quot;,&quot;sizes&quot;:[]}}\" data-widget_type=\"button.default\">\n\t\t\t\t\t\t\t\t\t\t<a class=\"elementor-button elementor-button-link elementor-size-md\" href=\"\/wp-content\/uploads\/2025\/10\/Memoria-Centenari-2024-FVA.pdf\" target=\"_blank\">\n\t\t\t\t\t\t<span class=\"elementor-button-content-wrapper\">\n\t\t\t\t\t\t<span class=\"elementor-button-icon\">\n\t\t\t\t<svg xmlns=\"http:\/\/www.w3.org\/2000\/svg\" height=\"24px\" viewBox=\"0 -960 960 960\" width=\"24px\" fill=\"#fff\"><path d=\"M346.15-464.62h30.77v-80h49.23q13.16 0 21.97-8.8 8.8-8.81 8.8-21.96v-49.24q0-13.15-8.8-21.96-8.81-8.8-21.97-8.8h-80v190.76Zm30.77-110.76v-49.24h49.23v49.24h-49.23Zm121.54 110.76h76.92q13.16 0 21.97-8.8 8.8-8.81 8.8-21.96v-129.24q0-13.15-8.8-21.96-8.81-8.8-21.97-8.8h-76.92v190.76Zm30.77-30.76v-129.24h46.15v129.24h-46.15Zm126.15 30.76h30.77v-80h55.39v-30.76h-55.39v-49.24h55.39v-30.76h-86.16v190.76ZM324.62-280q-27.62 0-46.12-18.5Q260-317 260-344.62v-430.76q0-27.62 18.5-46.12Q297-840 324.62-840h430.76q27.62 0 46.12 18.5Q820-803 820-775.38v430.76q0 27.62-18.5 46.12Q783-280 755.38-280H324.62Zm0-40h430.76q9.24 0 16.93-7.69 7.69-7.69 7.69-16.93v-430.76q0-9.24-7.69-16.93-7.69-7.69-16.93-7.69H324.62q-9.24 0-16.93 7.69-7.69 7.69-7.69 16.93v430.76q0 9.24 7.69 16.93 7.69 7.69 16.93 7.69Zm-120 160q-27.62 0-46.12-18.5Q140-197 140-224.61v-470.77h40v470.77q0 9.23 7.69 16.92 7.69 7.69 16.93 7.69h470.76v40H204.62ZM300-800v480-480Z\"><\/path><\/svg>\t\t\t<\/span>\n\t\t\t\t\t\t\t\t\t<span class=\"elementor-button-text\">2024 Centenary Report - FVA<\/span>\n\t\t\t\t\t<\/span>\n\t\t\t\t\t<\/a>\n\t\t\t\t\t\t\t\t<\/div>\n\t\t\t\t<\/div>\n\t\t\t\t<\/div>\n\t\t\t\t\t<\/div>\n\t\t\t\t<\/div>\n\t\t\t\t<\/div>\n\t\t","protected":false},"excerpt":{"rendered":"<p>Transparency The Victoria de los \u00c1ngeles Foundation provides the public with relevant institutional and financial information, in compliance with its [&hellip;]<\/p>\n","protected":false},"author":1,"featured_media":0,"parent":10725,"menu_order":0,"comment_status":"closed","ping_status":"closed","template":"","meta":{"_acf_changed":false,"_monsterinsights_skip_tracking":false,"_monsterinsights_sitenote_active":false,"_monsterinsights_sitenote_note":"","_monsterinsights_sitenote_category":0,"site-sidebar-layout":"no-sidebar","site-content-layout":"","ast-site-content-layout":"full-width-container","site-content-style":"default","site-sidebar-style":"default","ast-global-header-display":"","ast-banner-title-visibility":"","ast-main-header-display":"","ast-hfb-above-header-display":"","ast-hfb-below-header-display":"","ast-hfb-mobile-header-display":"","site-post-title":"disabled","ast-breadcrumbs-content":"","ast-featured-img":"disabled","footer-sml-layout":"","ast-disable-related-posts":"","theme-transparent-header-meta":"","adv-header-id-meta":"","stick-header-meta":"","header-above-stick-meta":"","header-main-stick-meta":"","header-below-stick-meta":"","astra-migrate-meta-layouts":"default","ast-page-background-enabled":"default","ast-page-background-meta":{"desktop":{"background-color":"var(--ast-global-color-5)","background-image":"","background-repeat":"repeat","background-position":"center center","background-size":"auto","background-attachment":"scroll","background-type":"","background-media":"","overlay-type":"","overlay-color":"","overlay-opacity":"","overlay-gradient":""},"tablet":{"background-color":"","background-image":"","background-repeat":"repeat","background-position":"center center","background-size":"auto","background-attachment":"scroll","background-type":"","background-media":"","overlay-type":"","overlay-color":"","overlay-opacity":"","overlay-gradient":""},"mobile":{"background-color":"","background-image":"","background-repeat":"repeat","background-position":"center center","background-size":"auto","background-attachment":"scroll","background-type":"","background-media":"","overlay-type":"","overlay-color":"","overlay-opacity":"","overlay-gradient":""}},"ast-content-background-meta":{"desktop":{"background-color":"var(--ast-global-color-4)","background-image":"","background-repeat":"repeat","background-position":"center center","background-size":"auto","background-attachment":"scroll","background-type":"","background-media":"","overlay-type":"","overlay-color":"","overlay-opacity":"","overlay-gradient":""},"tablet":{"background-color":"var(--ast-global-color-4)","background-image":"","background-repeat":"repeat","background-position":"center center","background-size":"auto","background-attachment":"scroll","background-type":"","background-media":"","overlay-type":"","overlay-color":"","overlay-opacity":"","overlay-gradient":""},"mobile":{"background-color":"var(--ast-global-color-4)","background-image":"","background-repeat":"repeat","background-position":"center center","background-size":"auto","background-attachment":"scroll","background-type":"","background-media":"","overlay-type":"","overlay-color":"","overlay-opacity":"","overlay-gradient":""}},"footnotes":""},"class_list":["post-10457","page","type-page","status-publish","hentry"],"acf":[],"yoast_head":"<!-- This site is optimized with the Yoast SEO plugin v27.5 - https:\/\/yoast.com\/product\/yoast-seo-wordpress\/ -->\n<title>Transparency - Fundaci\u00f3n Victoria de los \u00c1ngeles<\/title>\n<meta name=\"robots\" content=\"index, follow, max-snippet:-1, max-image-preview:large, max-video-preview:-1\" \/>\n<link rel=\"canonical\" href=\"https:\/\/www.victoriadelosangeles.org\/en\/foundation\/transparency\/\" \/>\n<meta property=\"og:locale\" content=\"en_US\" \/>\n<meta property=\"og:type\" content=\"article\" \/>\n<meta property=\"og:title\" content=\"Transparency - Fundaci\u00f3n Victoria de los \u00c1ngeles\" \/>\n<meta property=\"og:description\" content=\"Transparency The Victoria de los \u00c1ngeles Foundation provides the public with relevant institutional and financial information, in compliance with its [&hellip;]\" \/>\n<meta property=\"og:url\" content=\"https:\/\/www.victoriadelosangeles.org\/en\/foundation\/transparency\/\" \/>\n<meta property=\"og:site_name\" content=\"Fundaci\u00f3n Victoria de los \u00c1ngeles\" \/>\n<meta property=\"article:modified_time\" content=\"2026-04-28T15:34:08+00:00\" \/>\n<meta name=\"twitter:card\" content=\"summary_large_image\" \/>\n<script type=\"application\/ld+json\" class=\"yoast-schema-graph\">{\"@context\":\"https:\\\/\\\/schema.org\",\"@graph\":[{\"@type\":\"WebPage\",\"@id\":\"https:\\\/\\\/www.victoriadelosangeles.org\\\/en\\\/foundation\\\/transparency\\\/\",\"url\":\"https:\\\/\\\/www.victoriadelosangeles.org\\\/en\\\/foundation\\\/transparency\\\/\",\"name\":\"Transparency - Fundaci\u00f3n Victoria de los \u00c1ngeles\",\"isPartOf\":{\"@id\":\"https:\\\/\\\/www.victoriadelosangeles.org\\\/en\\\/#website\"},\"datePublished\":\"2025-10-07T16:15:05+00:00\",\"dateModified\":\"2026-04-28T15:34:08+00:00\",\"breadcrumb\":{\"@id\":\"https:\\\/\\\/www.victoriadelosangeles.org\\\/en\\\/foundation\\\/transparency\\\/#breadcrumb\"},\"inLanguage\":\"en-US\",\"potentialAction\":[{\"@type\":\"ReadAction\",\"target\":[\"https:\\\/\\\/www.victoriadelosangeles.org\\\/en\\\/foundation\\\/transparency\\\/\"]}]},{\"@type\":\"BreadcrumbList\",\"@id\":\"https:\\\/\\\/www.victoriadelosangeles.org\\\/en\\\/foundation\\\/transparency\\\/#breadcrumb\",\"itemListElement\":[{\"@type\":\"ListItem\",\"position\":1,\"name\":\"Portada\",\"item\":\"https:\\\/\\\/www.victoriadelosangeles.org\\\/en\\\/\"},{\"@type\":\"ListItem\",\"position\":2,\"name\":\"FOUNDATION\",\"item\":\"https:\\\/\\\/www.victoriadelosangeles.org\\\/en\\\/foundation\\\/\"},{\"@type\":\"ListItem\",\"position\":3,\"name\":\"Transparency\"}]},{\"@type\":\"WebSite\",\"@id\":\"https:\\\/\\\/www.victoriadelosangeles.org\\\/en\\\/#website\",\"url\":\"https:\\\/\\\/www.victoriadelosangeles.org\\\/en\\\/\",\"name\":\"Fundaci\u00f3n Victoria de los \u00c1ngeles\",\"description\":\"conservar y difundir el legado de la artista, para que el testimonio vital y art\u00edstico de la persona y la cantante siga vivo.\",\"publisher\":{\"@id\":\"https:\\\/\\\/www.victoriadelosangeles.org\\\/en\\\/#organization\"},\"potentialAction\":[{\"@type\":\"SearchAction\",\"target\":{\"@type\":\"EntryPoint\",\"urlTemplate\":\"https:\\\/\\\/www.victoriadelosangeles.org\\\/en\\\/?s={search_term_string}\"},\"query-input\":{\"@type\":\"PropertyValueSpecification\",\"valueRequired\":true,\"valueName\":\"search_term_string\"}}],\"inLanguage\":\"en-US\"},{\"@type\":\"Organization\",\"@id\":\"https:\\\/\\\/www.victoriadelosangeles.org\\\/en\\\/#organization\",\"name\":\"Fundaci\u00f3n Victoria de los \u00c1ngeles\",\"url\":\"https:\\\/\\\/www.victoriadelosangeles.org\\\/en\\\/\",\"logo\":{\"@type\":\"ImageObject\",\"inLanguage\":\"en-US\",\"@id\":\"https:\\\/\\\/www.victoriadelosangeles.org\\\/en\\\/#\\\/schema\\\/logo\\\/image\\\/\",\"url\":\"https:\\\/\\\/www.victoriadelosangeles.org\\\/wp-content\\\/uploads\\\/2025\\\/07\\\/default.png\",\"contentUrl\":\"https:\\\/\\\/www.victoriadelosangeles.org\\\/wp-content\\\/uploads\\\/2025\\\/07\\\/default.png\",\"width\":1409,\"height\":528,\"caption\":\"Fundaci\u00f3n Victoria de los \u00c1ngeles\"},\"image\":{\"@id\":\"https:\\\/\\\/www.victoriadelosangeles.org\\\/en\\\/#\\\/schema\\\/logo\\\/image\\\/\"}}]}<\/script>\n<!-- \/ Yoast SEO plugin. -->","yoast_head_json":{"title":"Transparency - Fundaci\u00f3n Victoria de los \u00c1ngeles","robots":{"index":"index","follow":"follow","max-snippet":"max-snippet:-1","max-image-preview":"max-image-preview:large","max-video-preview":"max-video-preview:-1"},"canonical":"https:\/\/www.victoriadelosangeles.org\/en\/foundation\/transparency\/","og_locale":"en_US","og_type":"article","og_title":"Transparency - Fundaci\u00f3n Victoria de los \u00c1ngeles","og_description":"Transparency The Victoria de los \u00c1ngeles Foundation provides the public with relevant institutional and financial information, in compliance with its [&hellip;]","og_url":"https:\/\/www.victoriadelosangeles.org\/en\/foundation\/transparency\/","og_site_name":"Fundaci\u00f3n Victoria de los \u00c1ngeles","article_modified_time":"2026-04-28T15:34:08+00:00","twitter_card":"summary_large_image","schema":{"@context":"https:\/\/schema.org","@graph":[{"@type":"WebPage","@id":"https:\/\/www.victoriadelosangeles.org\/en\/foundation\/transparency\/","url":"https:\/\/www.victoriadelosangeles.org\/en\/foundation\/transparency\/","name":"Transparency - Fundaci\u00f3n Victoria de los \u00c1ngeles","isPartOf":{"@id":"https:\/\/www.victoriadelosangeles.org\/en\/#website"},"datePublished":"2025-10-07T16:15:05+00:00","dateModified":"2026-04-28T15:34:08+00:00","breadcrumb":{"@id":"https:\/\/www.victoriadelosangeles.org\/en\/foundation\/transparency\/#breadcrumb"},"inLanguage":"en-US","potentialAction":[{"@type":"ReadAction","target":["https:\/\/www.victoriadelosangeles.org\/en\/foundation\/transparency\/"]}]},{"@type":"BreadcrumbList","@id":"https:\/\/www.victoriadelosangeles.org\/en\/foundation\/transparency\/#breadcrumb","itemListElement":[{"@type":"ListItem","position":1,"name":"Portada","item":"https:\/\/www.victoriadelosangeles.org\/en\/"},{"@type":"ListItem","position":2,"name":"FOUNDATION","item":"https:\/\/www.victoriadelosangeles.org\/en\/foundation\/"},{"@type":"ListItem","position":3,"name":"Transparency"}]},{"@type":"WebSite","@id":"https:\/\/www.victoriadelosangeles.org\/en\/#website","url":"https:\/\/www.victoriadelosangeles.org\/en\/","name":"Fundaci\u00f3n Victoria de los \u00c1ngeles","description":"conservar y difundir el legado de la artista, para que el testimonio vital y art\u00edstico de la persona y la cantante siga vivo.","publisher":{"@id":"https:\/\/www.victoriadelosangeles.org\/en\/#organization"},"potentialAction":[{"@type":"SearchAction","target":{"@type":"EntryPoint","urlTemplate":"https:\/\/www.victoriadelosangeles.org\/en\/?s={search_term_string}"},"query-input":{"@type":"PropertyValueSpecification","valueRequired":true,"valueName":"search_term_string"}}],"inLanguage":"en-US"},{"@type":"Organization","@id":"https:\/\/www.victoriadelosangeles.org\/en\/#organization","name":"Fundaci\u00f3n Victoria de los \u00c1ngeles","url":"https:\/\/www.victoriadelosangeles.org\/en\/","logo":{"@type":"ImageObject","inLanguage":"en-US","@id":"https:\/\/www.victoriadelosangeles.org\/en\/#\/schema\/logo\/image\/","url":"https:\/\/www.victoriadelosangeles.org\/wp-content\/uploads\/2025\/07\/default.png","contentUrl":"https:\/\/www.victoriadelosangeles.org\/wp-content\/uploads\/2025\/07\/default.png","width":1409,"height":528,"caption":"Fundaci\u00f3n Victoria de los \u00c1ngeles"},"image":{"@id":"https:\/\/www.victoriadelosangeles.org\/en\/#\/schema\/logo\/image\/"}}]}},"_links":{"self":[{"href":"https:\/\/www.victoriadelosangeles.org\/en\/wp-json\/wp\/v2\/pages\/10457","targetHints":{"allow":["GET"]}}],"collection":[{"href":"https:\/\/www.victoriadelosangeles.org\/en\/wp-json\/wp\/v2\/pages"}],"about":[{"href":"https:\/\/www.victoriadelosangeles.org\/en\/wp-json\/wp\/v2\/types\/page"}],"author":[{"embeddable":true,"href":"https:\/\/www.victoriadelosangeles.org\/en\/wp-json\/wp\/v2\/users\/1"}],"replies":[{"embeddable":true,"href":"https:\/\/www.victoriadelosangeles.org\/en\/wp-json\/wp\/v2\/comments?post=10457"}],"version-history":[{"count":1,"href":"https:\/\/www.victoriadelosangeles.org\/en\/wp-json\/wp\/v2\/pages\/10457\/revisions"}],"predecessor-version":[{"id":10459,"href":"https:\/\/www.victoriadelosangeles.org\/en\/wp-json\/wp\/v2\/pages\/10457\/revisions\/10459"}],"up":[{"embeddable":true,"href":"https:\/\/www.victoriadelosangeles.org\/en\/wp-json\/wp\/v2\/pages\/10725"}],"wp:attachment":[{"href":"https:\/\/www.victoriadelosangeles.org\/en\/wp-json\/wp\/v2\/media?parent=10457"}],"curies":[{"name":"wp","href":"https:\/\/api.w.org\/{rel}","templated":true}]}}