{"id":10653,"date":"2025-10-09T10:51:18","date_gmt":"2025-10-09T08:51:18","guid":{"rendered":"https:\/\/www.victoriadelosangeles.org\/producto\/victoria-de-los-angeles-todo-parecia-tan-sencillo\/"},"modified":"2026-04-28T17:31:33","modified_gmt":"2026-04-28T15:31:33","slug":"victoria-de-los-angeles-todo-parecia-tan-sencillo","status":"publish","type":"product","link":"https:\/\/www.victoriadelosangeles.org\/en\/producte\/victoria-de-los-angeles-todo-parecia-tan-sencillo\/","title":{"rendered":"Victoria De Los \u00c1ngeles Todo Parec\u00eda Tan Sencillo"},"content":{"rendered":"\t\t<div data-elementor-type=\"product-post\" data-elementor-id=\"10653\" class=\"elementor elementor-10653 elementor-7623\" data-elementor-post-type=\"product\">\n\t\t\t\t<div class=\"elementor-element elementor-element-35fbde58 e-flex e-con-boxed e-con e-parent\" data-id=\"35fbde58\" data-element_type=\"container\" data-e-type=\"container\">\n\t\t\t\t\t<div class=\"e-con-inner\">\n\t\t\t\t<div class=\"elementor-element elementor-element-27560ddc elementor-widget elementor-widget-text-editor\" data-id=\"27560ddc\" data-element_type=\"widget\" data-e-type=\"widget\" data-widget_type=\"text-editor.default\">\n\t\t\t\t\t\t\t\t\t<p>The soprano Victoria de los \u00c1ngeles (1923-2005) reigned in theatres around the world, and this is the first biography that has been compiled from the study of her personal and professional documents. Pep Gorgori&#8217;s meticulous work now allows us to discover a woman, Victoria de los \u00c1ngeles L\u00f3pez Garc\u00eda &#8220;or Tori, as she used to sign letters to her family&#8221;, who surprises and fascinates us as much or more than the artist we think we know. This book combines rigorous analysis of sources with a clear desire to captivate readers, whether they are music lovers or simply wish to learn about a unique artistic personality of the 20th century. To tell her life story, with all its complexity, is to pay tribute to a generation of women who, after the war, endured hardship, gender discrimination and, very often, their own husbands. In its shadows, this is the story of all of them. In its light, it is the story of the most human of divas. It is, moreover, the account of a complex century, at once sad and vibrant, dramatic and beautiful.     <\/p><div class=\"campo f-size-0 f-w-4 my-2 d-grid svelte-1yhk452\" data-campo=\"Peso\"><strong>Publisher:<\/strong> Ficta Edicions i Produccions Sl<br><strong>ISBN:<\/strong> 9788412853360<br><strong>Language:<\/strong> Spanish<br><strong>Number of pages:<\/strong> 268<br><strong>Binding:<\/strong> Paperback<br><strong>Year of publication:<\/strong> 2025<\/div>\t\t\t\t\t\t\t\t<\/div>\n\t\t\t\t\t<\/div>\n\t\t\t\t<\/div>\n\t\t\t\t<\/div>\n\t\t","protected":false},"excerpt":{"rendered":"<div id=\"a-p-f\" class=\"f-serif s-7-text autores balance-title underline-space svelte-dxpbx6\">\n<p>PEP GORGORI<\/p>\n<\/div>\n<p class=\"isbn f-serif mb-2 svelte-dxpbx6\">FICTA EDICIONS I PRODUCCIONS SL &#8211; 9788412853360<\/p>\n","protected":false},"featured_media":7624,"template":"","meta":{"_acf_changed":false,"_monsterinsights_skip_tracking":false,"_monsterinsights_sitenote_active":false,"_monsterinsights_sitenote_note":"","_monsterinsights_sitenote_category":0,"site-sidebar-layout":"default","site-content-layout":"","ast-site-content-layout":"default","site-content-style":"default","site-sidebar-style":"default","ast-global-header-display":"","ast-banner-title-visibility":"","ast-main-header-display":"","ast-hfb-above-header-display":"","ast-hfb-below-header-display":"","ast-hfb-mobile-header-display":"","site-post-title":"","ast-breadcrumbs-content":"","ast-featured-img":"","footer-sml-layout":"","ast-disable-related-posts":"","theme-transparent-header-meta":"default","adv-header-id-meta":"","stick-header-meta":"","header-above-stick-meta":"","header-main-stick-meta":"","header-below-stick-meta":"","astra-migrate-meta-layouts":"default","ast-page-background-enabled":"default","ast-page-background-meta":{"desktop":{"background-color":"var(--ast-global-color-5)","background-image":"","background-repeat":"repeat","background-position":"center center","background-size":"auto","background-attachment":"scroll","background-type":"","background-media":"","overlay-type":"","overlay-color":"","overlay-opacity":"","overlay-gradient":""},"tablet":{"background-color":"","background-image":"","background-repeat":"repeat","background-position":"center center","background-size":"auto","background-attachment":"scroll","background-type":"","background-media":"","overlay-type":"","overlay-color":"","overlay-opacity":"","overlay-gradient":""},"mobile":{"background-color":"","background-image":"","background-repeat":"repeat","background-position":"center center","background-size":"auto","background-attachment":"scroll","background-type":"","background-media":"","overlay-type":"","overlay-color":"","overlay-opacity":"","overlay-gradient":""}},"ast-content-background-meta":{"desktop":{"background-color":"var(--ast-global-color-4)","background-image":"","background-repeat":"repeat","background-position":"center center","background-size":"auto","background-attachment":"scroll","background-type":"","background-media":"","overlay-type":"","overlay-color":"","overlay-opacity":"","overlay-gradient":""},"tablet":{"background-color":"var(--ast-global-color-4)","background-image":"","background-repeat":"repeat","background-position":"center center","background-size":"auto","background-attachment":"scroll","background-type":"","background-media":"","overlay-type":"","overlay-color":"","overlay-opacity":"","overlay-gradient":""},"mobile":{"background-color":"var(--ast-global-color-4)","background-image":"","background-repeat":"repeat","background-position":"center center","background-size":"auto","background-attachment":"scroll","background-type":"","background-media":"","overlay-type":"","overlay-color":"","overlay-opacity":"","overlay-gradient":""}}},"product_brand":[],"product_cat":[60],"product_tag":[],"class_list":{"0":"post-10653","1":"product","2":"type-product","3":"status-publish","4":"has-post-thumbnail","6":"product_cat-books","7":"desktop-align-left","8":"tablet-align-left","9":"mobile-align-left","11":"first","12":"instock","13":"purchasable","14":"product-type-simple"},"acf":[],"yoast_head":"<!-- This site is optimized with the Yoast SEO plugin v27.5 - https:\/\/yoast.com\/product\/yoast-seo-wordpress\/ -->\n<title>Victoria De Los \u00c1ngeles Todo Parec\u00eda Tan Sencillo - Fundaci\u00f3n Victoria de los \u00c1ngeles<\/title>\n<meta name=\"robots\" content=\"index, follow, max-snippet:-1, max-image-preview:large, max-video-preview:-1\" \/>\n<link rel=\"canonical\" href=\"https:\/\/www.victoriadelosangeles.org\/en\/producte\/victoria-de-los-angeles-todo-parecia-tan-sencillo\/\" \/>\n<meta property=\"og:locale\" content=\"en_US\" \/>\n<meta property=\"og:type\" content=\"article\" \/>\n<meta property=\"og:title\" content=\"Victoria De Los \u00c1ngeles Todo Parec\u00eda Tan Sencillo - Fundaci\u00f3n Victoria de los \u00c1ngeles\" \/>\n<meta property=\"og:description\" content=\"PEP GORGORI  FICTA EDICIONS I PRODUCCIONS SL - 9788412853360\" \/>\n<meta property=\"og:url\" content=\"https:\/\/www.victoriadelosangeles.org\/en\/producte\/victoria-de-los-angeles-todo-parecia-tan-sencillo\/\" \/>\n<meta property=\"og:site_name\" content=\"Fundaci\u00f3n Victoria de los \u00c1ngeles\" \/>\n<meta property=\"article:modified_time\" content=\"2026-04-28T15:31:33+00:00\" \/>\n<meta property=\"og:image\" content=\"https:\/\/www.victoriadelosangeles.org\/wp-content\/uploads\/2025\/10\/Portada-ESP.jpeg\" \/>\n\t<meta property=\"og:image:width\" content=\"1026\" \/>\n\t<meta property=\"og:image:height\" content=\"1600\" \/>\n\t<meta property=\"og:image:type\" content=\"image\/jpeg\" \/>\n<meta name=\"twitter:card\" content=\"summary_large_image\" \/>\n<meta name=\"twitter:label1\" content=\"Est. reading time\" \/>\n\t<meta name=\"twitter:data1\" content=\"1 minute\" \/>\n<script type=\"application\/ld+json\" class=\"yoast-schema-graph\">{\"@context\":\"https:\\\/\\\/schema.org\",\"@graph\":[{\"@type\":\"WebPage\",\"@id\":\"https:\\\/\\\/www.victoriadelosangeles.org\\\/en\\\/producte\\\/victoria-de-los-angeles-todo-parecia-tan-sencillo\\\/\",\"url\":\"https:\\\/\\\/www.victoriadelosangeles.org\\\/en\\\/producte\\\/victoria-de-los-angeles-todo-parecia-tan-sencillo\\\/\",\"name\":\"Victoria De Los \u00c1ngeles Todo Parec\u00eda Tan Sencillo - Fundaci\u00f3n Victoria de los \u00c1ngeles\",\"isPartOf\":{\"@id\":\"https:\\\/\\\/www.victoriadelosangeles.org\\\/en\\\/#website\"},\"primaryImageOfPage\":{\"@id\":\"https:\\\/\\\/www.victoriadelosangeles.org\\\/en\\\/producte\\\/victoria-de-los-angeles-todo-parecia-tan-sencillo\\\/#primaryimage\"},\"image\":{\"@id\":\"https:\\\/\\\/www.victoriadelosangeles.org\\\/en\\\/producte\\\/victoria-de-los-angeles-todo-parecia-tan-sencillo\\\/#primaryimage\"},\"thumbnailUrl\":\"https:\\\/\\\/www.victoriadelosangeles.org\\\/wp-content\\\/uploads\\\/2025\\\/10\\\/Portada-ESP.jpeg\",\"datePublished\":\"2025-10-09T08:51:18+00:00\",\"dateModified\":\"2026-04-28T15:31:33+00:00\",\"breadcrumb\":{\"@id\":\"https:\\\/\\\/www.victoriadelosangeles.org\\\/en\\\/producte\\\/victoria-de-los-angeles-todo-parecia-tan-sencillo\\\/#breadcrumb\"},\"inLanguage\":\"en-US\",\"potentialAction\":[{\"@type\":\"ReadAction\",\"target\":[\"https:\\\/\\\/www.victoriadelosangeles.org\\\/en\\\/producte\\\/victoria-de-los-angeles-todo-parecia-tan-sencillo\\\/\"]}]},{\"@type\":\"ImageObject\",\"inLanguage\":\"en-US\",\"@id\":\"https:\\\/\\\/www.victoriadelosangeles.org\\\/en\\\/producte\\\/victoria-de-los-angeles-todo-parecia-tan-sencillo\\\/#primaryimage\",\"url\":\"https:\\\/\\\/www.victoriadelosangeles.org\\\/wp-content\\\/uploads\\\/2025\\\/10\\\/Portada-ESP.jpeg\",\"contentUrl\":\"https:\\\/\\\/www.victoriadelosangeles.org\\\/wp-content\\\/uploads\\\/2025\\\/10\\\/Portada-ESP.jpeg\",\"width\":1026,\"height\":1600},{\"@type\":\"BreadcrumbList\",\"@id\":\"https:\\\/\\\/www.victoriadelosangeles.org\\\/en\\\/producte\\\/victoria-de-los-angeles-todo-parecia-tan-sencillo\\\/#breadcrumb\",\"itemListElement\":[{\"@type\":\"ListItem\",\"position\":1,\"name\":\"Portada\",\"item\":\"https:\\\/\\\/www.victoriadelosangeles.org\\\/en\\\/\"},{\"@type\":\"ListItem\",\"position\":2,\"name\":\"Shop\",\"item\":\"https:\\\/\\\/www.victoriadelosangeles.org\\\/en\\\/shop\\\/\"},{\"@type\":\"ListItem\",\"position\":3,\"name\":\"Victoria De Los \u00c1ngeles Todo Parec\u00eda Tan Sencillo\"}]},{\"@type\":\"WebSite\",\"@id\":\"https:\\\/\\\/www.victoriadelosangeles.org\\\/en\\\/#website\",\"url\":\"https:\\\/\\\/www.victoriadelosangeles.org\\\/en\\\/\",\"name\":\"Fundaci\u00f3n Victoria de los \u00c1ngeles\",\"description\":\"conservar y difundir el legado de la artista, para que el testimonio vital y art\u00edstico de la persona y la cantante siga vivo.\",\"publisher\":{\"@id\":\"https:\\\/\\\/www.victoriadelosangeles.org\\\/en\\\/#organization\"},\"potentialAction\":[{\"@type\":\"SearchAction\",\"target\":{\"@type\":\"EntryPoint\",\"urlTemplate\":\"https:\\\/\\\/www.victoriadelosangeles.org\\\/en\\\/?s={search_term_string}\"},\"query-input\":{\"@type\":\"PropertyValueSpecification\",\"valueRequired\":true,\"valueName\":\"search_term_string\"}}],\"inLanguage\":\"en-US\"},{\"@type\":\"Organization\",\"@id\":\"https:\\\/\\\/www.victoriadelosangeles.org\\\/en\\\/#organization\",\"name\":\"Fundaci\u00f3n Victoria de los \u00c1ngeles\",\"url\":\"https:\\\/\\\/www.victoriadelosangeles.org\\\/en\\\/\",\"logo\":{\"@type\":\"ImageObject\",\"inLanguage\":\"en-US\",\"@id\":\"https:\\\/\\\/www.victoriadelosangeles.org\\\/en\\\/#\\\/schema\\\/logo\\\/image\\\/\",\"url\":\"https:\\\/\\\/www.victoriadelosangeles.org\\\/wp-content\\\/uploads\\\/2025\\\/07\\\/default.png\",\"contentUrl\":\"https:\\\/\\\/www.victoriadelosangeles.org\\\/wp-content\\\/uploads\\\/2025\\\/07\\\/default.png\",\"width\":1409,\"height\":528,\"caption\":\"Fundaci\u00f3n Victoria de los \u00c1ngeles\"},\"image\":{\"@id\":\"https:\\\/\\\/www.victoriadelosangeles.org\\\/en\\\/#\\\/schema\\\/logo\\\/image\\\/\"}}]}<\/script>\n<!-- \/ Yoast SEO plugin. -->","yoast_head_json":{"title":"Victoria De Los \u00c1ngeles Todo Parec\u00eda Tan Sencillo - Fundaci\u00f3n Victoria de los \u00c1ngeles","robots":{"index":"index","follow":"follow","max-snippet":"max-snippet:-1","max-image-preview":"max-image-preview:large","max-video-preview":"max-video-preview:-1"},"canonical":"https:\/\/www.victoriadelosangeles.org\/en\/producte\/victoria-de-los-angeles-todo-parecia-tan-sencillo\/","og_locale":"en_US","og_type":"article","og_title":"Victoria De Los \u00c1ngeles Todo Parec\u00eda Tan Sencillo - Fundaci\u00f3n Victoria de los \u00c1ngeles","og_description":"PEP GORGORI  FICTA EDICIONS I PRODUCCIONS SL - 9788412853360","og_url":"https:\/\/www.victoriadelosangeles.org\/en\/producte\/victoria-de-los-angeles-todo-parecia-tan-sencillo\/","og_site_name":"Fundaci\u00f3n Victoria de los \u00c1ngeles","article_modified_time":"2026-04-28T15:31:33+00:00","og_image":[{"width":1026,"height":1600,"url":"https:\/\/www.victoriadelosangeles.org\/wp-content\/uploads\/2025\/10\/Portada-ESP.jpeg","type":"image\/jpeg"}],"twitter_card":"summary_large_image","twitter_misc":{"Est. reading time":"1 minute"},"schema":{"@context":"https:\/\/schema.org","@graph":[{"@type":"WebPage","@id":"https:\/\/www.victoriadelosangeles.org\/en\/producte\/victoria-de-los-angeles-todo-parecia-tan-sencillo\/","url":"https:\/\/www.victoriadelosangeles.org\/en\/producte\/victoria-de-los-angeles-todo-parecia-tan-sencillo\/","name":"Victoria De Los \u00c1ngeles Todo Parec\u00eda Tan Sencillo - Fundaci\u00f3n Victoria de los \u00c1ngeles","isPartOf":{"@id":"https:\/\/www.victoriadelosangeles.org\/en\/#website"},"primaryImageOfPage":{"@id":"https:\/\/www.victoriadelosangeles.org\/en\/producte\/victoria-de-los-angeles-todo-parecia-tan-sencillo\/#primaryimage"},"image":{"@id":"https:\/\/www.victoriadelosangeles.org\/en\/producte\/victoria-de-los-angeles-todo-parecia-tan-sencillo\/#primaryimage"},"thumbnailUrl":"https:\/\/www.victoriadelosangeles.org\/wp-content\/uploads\/2025\/10\/Portada-ESP.jpeg","datePublished":"2025-10-09T08:51:18+00:00","dateModified":"2026-04-28T15:31:33+00:00","breadcrumb":{"@id":"https:\/\/www.victoriadelosangeles.org\/en\/producte\/victoria-de-los-angeles-todo-parecia-tan-sencillo\/#breadcrumb"},"inLanguage":"en-US","potentialAction":[{"@type":"ReadAction","target":["https:\/\/www.victoriadelosangeles.org\/en\/producte\/victoria-de-los-angeles-todo-parecia-tan-sencillo\/"]}]},{"@type":"ImageObject","inLanguage":"en-US","@id":"https:\/\/www.victoriadelosangeles.org\/en\/producte\/victoria-de-los-angeles-todo-parecia-tan-sencillo\/#primaryimage","url":"https:\/\/www.victoriadelosangeles.org\/wp-content\/uploads\/2025\/10\/Portada-ESP.jpeg","contentUrl":"https:\/\/www.victoriadelosangeles.org\/wp-content\/uploads\/2025\/10\/Portada-ESP.jpeg","width":1026,"height":1600},{"@type":"BreadcrumbList","@id":"https:\/\/www.victoriadelosangeles.org\/en\/producte\/victoria-de-los-angeles-todo-parecia-tan-sencillo\/#breadcrumb","itemListElement":[{"@type":"ListItem","position":1,"name":"Portada","item":"https:\/\/www.victoriadelosangeles.org\/en\/"},{"@type":"ListItem","position":2,"name":"Shop","item":"https:\/\/www.victoriadelosangeles.org\/en\/shop\/"},{"@type":"ListItem","position":3,"name":"Victoria De Los \u00c1ngeles Todo Parec\u00eda Tan Sencillo"}]},{"@type":"WebSite","@id":"https:\/\/www.victoriadelosangeles.org\/en\/#website","url":"https:\/\/www.victoriadelosangeles.org\/en\/","name":"Fundaci\u00f3n Victoria de los \u00c1ngeles","description":"conservar y difundir el legado de la artista, para que el testimonio vital y art\u00edstico de la persona y la cantante siga vivo.","publisher":{"@id":"https:\/\/www.victoriadelosangeles.org\/en\/#organization"},"potentialAction":[{"@type":"SearchAction","target":{"@type":"EntryPoint","urlTemplate":"https:\/\/www.victoriadelosangeles.org\/en\/?s={search_term_string}"},"query-input":{"@type":"PropertyValueSpecification","valueRequired":true,"valueName":"search_term_string"}}],"inLanguage":"en-US"},{"@type":"Organization","@id":"https:\/\/www.victoriadelosangeles.org\/en\/#organization","name":"Fundaci\u00f3n Victoria de los \u00c1ngeles","url":"https:\/\/www.victoriadelosangeles.org\/en\/","logo":{"@type":"ImageObject","inLanguage":"en-US","@id":"https:\/\/www.victoriadelosangeles.org\/en\/#\/schema\/logo\/image\/","url":"https:\/\/www.victoriadelosangeles.org\/wp-content\/uploads\/2025\/07\/default.png","contentUrl":"https:\/\/www.victoriadelosangeles.org\/wp-content\/uploads\/2025\/07\/default.png","width":1409,"height":528,"caption":"Fundaci\u00f3n Victoria de los \u00c1ngeles"},"image":{"@id":"https:\/\/www.victoriadelosangeles.org\/en\/#\/schema\/logo\/image\/"}}]}},"_links":{"self":[{"href":"https:\/\/www.victoriadelosangeles.org\/en\/wp-json\/wp\/v2\/product\/10653","targetHints":{"allow":["GET"]}}],"collection":[{"href":"https:\/\/www.victoriadelosangeles.org\/en\/wp-json\/wp\/v2\/product"}],"about":[{"href":"https:\/\/www.victoriadelosangeles.org\/en\/wp-json\/wp\/v2\/types\/product"}],"version-history":[{"count":1,"href":"https:\/\/www.victoriadelosangeles.org\/en\/wp-json\/wp\/v2\/product\/10653\/revisions"}],"predecessor-version":[{"id":10655,"href":"https:\/\/www.victoriadelosangeles.org\/en\/wp-json\/wp\/v2\/product\/10653\/revisions\/10655"}],"wp:featuredmedia":[{"embeddable":true,"href":"https:\/\/www.victoriadelosangeles.org\/en\/wp-json\/wp\/v2\/media\/7624"}],"wp:attachment":[{"href":"https:\/\/www.victoriadelosangeles.org\/en\/wp-json\/wp\/v2\/media?parent=10653"}],"wp:term":[{"taxonomy":"product_brand","embeddable":true,"href":"https:\/\/www.victoriadelosangeles.org\/en\/wp-json\/wp\/v2\/product_brand?post=10653"},{"taxonomy":"product_cat","embeddable":true,"href":"https:\/\/www.victoriadelosangeles.org\/en\/wp-json\/wp\/v2\/product_cat?post=10653"},{"taxonomy":"product_tag","embeddable":true,"href":"https:\/\/www.victoriadelosangeles.org\/en\/wp-json\/wp\/v2\/product_tag?post=10653"}],"curies":[{"name":"wp","href":"https:\/\/api.w.org\/{rel}","templated":true}]}}